{"id":174,"date":"2012-05-24T19:14:21","date_gmt":"2012-05-24T23:14:21","guid":{"rendered":"http:\/\/www.richardclement-tam.com\/?page_id=174"},"modified":"2025-03-31T11:24:36","modified_gmt":"2025-03-31T15:24:36","slug":"demo","status":"publish","type":"page","link":"https:\/\/www.richardclement-tam.com\/fr\/","title":{"rendered":"DemoReel"},"content":{"rendered":"<p><em>Bienvenue sur mon site!<\/em><\/p>\n<p><em>Vous trouverez sur mon site les derniers projets, auxquels j\u2019ai particip\u00e9. <em>My latest works are listed on the menu.<\/em> Les vid\u00e9os sont class\u00e9s par compagnie, de la plus r\u00e9cente \u00e0 la plus ancienne.<br><\/em><\/p>\n\n<p>&nbsp;<\/p>\n<p><em>DemoReel<\/p>\n\n\n<iframe loading=\"lazy\" title=\"vimeo-player\" src=\"https:\/\/player.vimeo.com\/video\/1071073027?h=f0b226d32b\" width=\"640\" height=\"360\" frameborder=\"0\"    allowfullscreen><\/iframe>\n\n<p><a href=\"https:\/\/vimeo.com\/1071073027\">DemoReel 2024<\/a> de <a href=\"https:\/\/vimeo.com\/1071073027\">Richard Clement Tam<\/a> sur <a href=\"https:\/\/vimeo.com\">Vimeo<\/a>.<\/p>\n\n<p>&nbsp;<\/p>\n<p>&nbsp;<\/p>\n\n<iframe loading=\"lazy\" width=\"640\" height=\"360\" src=\"https:\/\/www.youtube.com\/embed\/aRna8LFMCuY\" title=\"Avatar: The Last Airbender VFX Breakdown\" frameborder=\"0\" allow=\"accelerometer; autoplay; clipboard-write; encrypted-media; gyroscope; picture-in-picture; web-share\" referrerpolicy=\"strict-origin-when-cross-origin\" allowfullscreen><\/iframe>\n\n<p>Title : Avatar: The Last Airbender\n<br>Work Done : Smoke force, ground grain interactions, rbd (1:28, 1:36) <br>&nbsp;\n\n<p><a href=\"https:\/\/vimeo.com\/870207578\">Foundation S2 VFX Breakdown<\/a> de <a href=\"https:\/\/vimeo.com\/outpostvfx\">Outpost VFX<\/a> sur <a href=\"https:\/\/vimeo.com\">Vimeo<\/a>.<\/p>\n<iframe loading=\"lazy\" src=\"https:\/\/player.vimeo.com\/video\/870207578?h=3b02c8fff8&#038;color=7d7d7d&#038;title=0&#038;byline=0&#038;portrait=0\" width=\"640\" height=\"360\" frameborder=\"0\" allow=\"autoplay; fullscreen; picture-in-picture\" allowfullscreen><\/iframe>\n\n<p>Title : Foundation season 2\n<br>Work Done : Holographic transformation, fires (LeadFX) <br>&nbsp;\n\n<\/p>\n\n<p>Mr.X The Witcher Breakdown<br><\/p><iframe loading=\"lazy\" width=\"640\" height=\"360\" src=\"https:\/\/www.youtube.com\/embed\/7dDv2zhkYy0\" title=\"MPC - The Witcher VFX Breakdown\" frameborder=\"0\" allow=\"accelerometer; autoplay; clipboard-write; encrypted-media; gyroscope; picture-in-picture\" allowfullscreen><\/iframe>\n\n<p>Titre : The Witcher Season 2\n<br>Work Done : witch fire disintegration transformation to voleth entities (0:40) <br>\n\n<p>&nbsp;<\/p>\n\n<p>Hybride Demo Reel 2020<br><\/p><iframe loading=\"lazy\" title=\"vimeo-player\" src=\"https:\/\/player.vimeo.com\/video\/457865879\" width=\"640\" height=\"400\" frameborder=\"0\" allowfullscreen><\/iframe>\n<p>Titre : Mandalorian Season 1<br>Work Done : Dust Trail (00:18) <\/p>\n<p>Titre : Tom Clancy\u2019s Jack Ryan Season 1<br>Work Done : explosions (00:28)<\/p>\n<p>Titre : Watchmen<br>Work Done : squid rain and goo (00:35)<\/p>\n<p>Titre : STAR WARS: THE RISE OF SKYWALKER<br>Work Done : Lightsaber and sparks(01:00)<\/p>\n<p>Titre : STAR WARS: Solo: A Star Wars Story<br>Work Done : sand explosion (01:23)<\/p>\n\n<p>&nbsp;<\/p>\n\n<p>VFX Breakdown &#8211; STAR WARS: THE RISE OF SKYWALKER<\/p>\n<p><iframe loading=\"lazy\" title=\"vimeo-player\" src=\"https:\/\/player.vimeo.com\/video\/457846013\" allowfullscreen=\"\" width=\"640\" height=\"270\" frameborder=\"0\"><\/iframe><\/p>\n<p>Work Done :<\/p>\n<p>lightsaber and sparks (01:12),<\/p>\n<p>&nbsp;<\/p>\n\n<p>VFX Breakdown &#8211; Watchmen: HBO Making Of<\/p>\n<p><iframe loading=\"lazy\" src=\"https:\/\/www.youtube.com\/embed\/7UCyN56EOR4?start=16\" allowfullscreen=\"allowfullscreen\" width=\"640\" height=\"360\" frameborder=\"0\"><\/iframe>&nbsp;<\/p>\n<p>Work Done :<\/p>\n<p>squid rain and goo (00:16)<\/p>\n\n<p>&nbsp;<\/p>\n\n<p>VFX Breakdown &#8211; Solo: A Star Wars Story<\/p>\n<p><iframe loading=\"lazy\" src=\"https:\/\/player.vimeo.com\/video\/300326023\" allowfullscreen=\"allowfullscreen\" width=\"640\" height=\"360\" frameborder=\"0\"><\/iframe><\/p>\n<p><a href=\"https:\/\/vimeo.com\/300326023\">Solo: A Star Wars Story Hybride VFX Breakdown<\/a> de <a href=\"https:\/\/vimeo.com\/user29976293\">Hybride Technologies<\/a> sur <a href=\"https:\/\/vimeo.com\">Vimeo<\/a>.<\/p>\n<p>Work Done :<\/p>\n<p>sand explosion (02:59)<\/p>\n<p>blasters (02:36),<\/p>\n<p>steam (00:40, 02:02, 02:23, 02:36),<\/p>\n\n<p>&nbsp;<\/p>\n\n<p>VFX Breakdown &#8211; Tom Clancy\u2019s Jack Ryan Season 1<\/p>\n<p><iframe loading=\"lazy\" src=\"https:\/\/player.vimeo.com\/video\/291718633\" allowfullscreen=\"allowfullscreen\" width=\"640\" height=\"360\" frameborder=\"0\"><\/iframe><\/p>\n<p><a href=\"https:\/\/vimeo.com\/291718633\">Hybride Tom Clancy&#8217;s Jack Ryan (Season 1) VFX Breakdown<\/a> de <a href=\"https:\/\/vimeo.com\/user29976293\">Hybride Technologies<\/a> sur <a href=\"https:\/\/vimeo.com\">Vimeo<\/a>.<\/p>\n<p>Work Done :<\/p>\n<p>explosions (00:48, 00:19)<\/p>\n\n<p>&nbsp;<\/p>\n\n<p>VFX Breakdown &#8211; Kong: Skull Island at Hybride<\/p>\n<p><iframe loading=\"lazy\" src=\"https:\/\/player.vimeo.com\/video\/241939254\" allowfullscreen=\"allowfullscreen\" width=\"640\" height=\"360\" frameborder=\"0\"><\/iframe><\/p>\n<p><a href=\"https:\/\/vimeo.com\/241939254\">Kong: Skull Island Hybride VFX Breakdown<\/a> de <a href=\"https:\/\/vimeo.com\/user29976293\">Hybride Technologies<\/a> sur <a href=\"https:\/\/vimeo.com\">Vimeo<\/a>.<\/p>\n<p>Work Done :<\/p>\n<p>dirt and leaves simulation of stick tree creature (03:30),<\/p>\n<p>ocean (00:33),<\/p>\n<p>water simulation wood door opening(03:33)<\/p>\n\n<p>&nbsp;<\/p>\n\n<p>Hybride Demo Reel 2019<br><\/p><iframe loading=\"lazy\" src=\"https:\/\/player.vimeo.com\/video\/356267682\" allowfullscreen=\"allowfullscreen\" width=\"640\" height=\"360\" frameborder=\"0\"><\/iframe><\/p>\n<p><a href=\"https:\/\/vimeo.com\/356267682\">Hybride 2019 Demo Reel<\/a> de <a href=\"https:\/\/vimeo.com\/user29976293\">Hybride Technologies<\/a> sur <a href=\"https:\/\/vimeo.com\">Vimeo<\/a>.<\/p>\n<p>Titre : Kong: Skull Island<br>Work Done : dirt and leaves simulation of stick tree creature (00:40), water simulation wood door opening (00:36), Ocean<\/p>\n<p>Titre : Tom Clancy\u2019s Jack Ryan Season 1<br>Work Done : explosion (00:45)<\/p>\n<p>Titre : Solo: A Star Wars Story<br>Work Done : sand explosion (01:41), Steam (01:30)<\/p>\n\n<p>&nbsp;<\/p>\n\n<p>Hybride Demo Reel 2018<br><\/p><iframe loading=\"lazy\" src=\"https:\/\/player.vimeo.com\/video\/273395746\" allowfullscreen=\"allowfullscreen\" width=\"640\" height=\"360\" frameborder=\"0\"><\/iframe><\/p>\n<p><a href=\"https:\/\/vimeo.com\/273395746\">Hybride 2018 Demo Reel<\/a> de <a href=\"https:\/\/vimeo.com\/user29976293\">Hybride Technologies<\/a> sur <a href=\"https:\/\/vimeo.com\">Vimeo<\/a>.<\/p>\n<p>Titre : Star Wars: The Last Jedi Trailer<br>Work Done : Training site: rain, rock falling from lightsaber cut and steam (iron gag)<\/p>\n<p>Titre : Rogue One: A Star Wars Story<br>Work Done : glass shatter on The Imperial research facility<\/p>\n<p>Titre : Valerian and the City of a thousand Planets<br>Work Done : dust sand from bus reactors in desert<\/p>\n<p>Titre : Kong: Skull Island<br>Work Done : ocean, dirt and leaves simulation of stick tree creature, water simulation wood door opening<\/p>","protected":false},"excerpt":{"rendered":"<p>Welcome to my website! Here you could find my latest projects. My latest works are listed on the menu. The videos are classified by company, from the most recent posts to the oldest. &nbsp; DemoReel DemoReel 2024 from Richard Clement Tam on Vimeo. &nbsp; &nbsp; Title : Avatar: The Last Airbender Work Done : Smoke &hellip; <\/p>\n<p class=\"link-more\"><a href=\"https:\/\/www.richardclement-tam.com\/fr\/\" class=\"more-link\">Continuer la lecture<span class=\"screen-reader-text\"> de &laquo; DemoReel &raquo;<\/span><\/a><\/p>","protected":false},"author":1,"featured_media":0,"parent":0,"menu_order":0,"comment_status":"closed","ping_status":"closed","template":"","meta":{"footnotes":""},"class_list":["post-174","page","type-page","status-publish","hentry"],"_links":{"self":[{"href":"https:\/\/www.richardclement-tam.com\/fr\/wp-json\/wp\/v2\/pages\/174","targetHints":{"allow":["GET"]}}],"collection":[{"href":"https:\/\/www.richardclement-tam.com\/fr\/wp-json\/wp\/v2\/pages"}],"about":[{"href":"https:\/\/www.richardclement-tam.com\/fr\/wp-json\/wp\/v2\/types\/page"}],"author":[{"embeddable":true,"href":"https:\/\/www.richardclement-tam.com\/fr\/wp-json\/wp\/v2\/users\/1"}],"replies":[{"embeddable":true,"href":"https:\/\/www.richardclement-tam.com\/fr\/wp-json\/wp\/v2\/comments?post=174"}],"version-history":[{"count":88,"href":"https:\/\/www.richardclement-tam.com\/fr\/wp-json\/wp\/v2\/pages\/174\/revisions"}],"predecessor-version":[{"id":848,"href":"https:\/\/www.richardclement-tam.com\/fr\/wp-json\/wp\/v2\/pages\/174\/revisions\/848"}],"wp:attachment":[{"href":"https:\/\/www.richardclement-tam.com\/fr\/wp-json\/wp\/v2\/media?parent=174"}],"curies":[{"name":"wp","href":"https:\/\/api.w.org\/{rel}","templated":true}]}}