{"id":255,"date":"2012-07-29T16:45:14","date_gmt":"2012-07-29T20:45:14","guid":{"rendered":"http:\/\/www.richardclement-tam.com\/?page_id=255"},"modified":"2025-02-23T08:54:45","modified_gmt":"2025-02-23T13:54:45","slug":"studios","status":"publish","type":"page","link":"https:\/\/www.richardclement-tam.com\/fr\/studios\/","title":{"rendered":"Studios"},"content":{"rendered":"<p><em>Vous trouverez ici les projets, auxquels j\u2019ai particip\u00e9 par studio. Les vid\u00e9os sont class\u00e9s par compagnie de la plus r\u00e9cente \u00e0 la plus ancienne.<br><\/em><\/p>\n\n<p>&nbsp;<\/p>\n<p>&nbsp;<\/p>\n\n<h3>Outpost vfx<\/h3>\n\n<p>&nbsp;<\/p>\n<iframe loading=\"lazy\" width=\"640\" height=\"360\" src=\"https:\/\/www.youtube.com\/embed\/_IzKLgJMH_s\" title=\"The Lord of the Rings: The Rings of Power Season 2 VFX Breakdown\" frameborder=\"0\" allow=\"accelerometer; autoplay; clipboard-write; encrypted-media; gyroscope; picture-in-picture; web-share\" referrerpolicy=\"strict-origin-when-cross-origin\" allowfullscreen><\/iframe>\n<p>Title : The Lord of the Rings: The Rings of Power Season 2\n<br>Work Done : in a team, dust storm, ground interactions <br>&nbsp;\n\n<p>&nbsp;<\/p>\n<iframe loading=\"lazy\" width=\"640\" height=\"360\" src=\"https:\/\/www.youtube.com\/embed\/aRna8LFMCuY\" title=\"Avatar: The Last Airbender VFX Breakdown\" frameborder=\"0\" allow=\"accelerometer; autoplay; clipboard-write; encrypted-media; gyroscope; picture-in-picture; web-share\" referrerpolicy=\"strict-origin-when-cross-origin\" allowfullscreen><\/iframe>\n\n<p>Title : Avatar: The Last Airbender\n<br>Work Done : Smoke force, ground grain interactions, rbd (1:28, 1:36) <br>&nbsp;\n\n<p>&nbsp;<\/p>\n<iframe loading=\"lazy\" width=\"640\" height=\"360\" src=\"https:\/\/www.youtube.com\/embed\/6LmO6rmDW08\" title=\"Renfield | Official Trailer\" frameborder=\"0\" allow=\"accelerometer; autoplay; clipboard-write; encrypted-media; gyroscope; picture-in-picture; web-share\" referrerpolicy=\"strict-origin-when-cross-origin\" allowfullscreen><\/iframe>\n\n<p>Title : Renfield\n<br>Work Done : Smoke transformation (0:30) <br>&nbsp;\n\n<p>&nbsp;<\/p>\n<iframe loading=\"lazy\" src=\"https:\/\/player.vimeo.com\/video\/870207578?h=3b02c8fff8&#038;color=7d7d7d&#038;title=0&#038;byline=0&#038;portrait=0\" width=\"640\" height=\"360\" frameborder=\"0\" allow=\"autoplay; fullscreen; picture-in-picture\" allowfullscreen><\/iframe>\n<p><a href=\"https:\/\/vimeo.com\/870207578\">Foundation S2 VFX Breakdown<\/a> de <a href=\"https:\/\/vimeo.com\/outpostvfx\">Outpost VFX<\/a> sur <a href=\"https:\/\/vimeo.com\">Vimeo<\/a>.<\/p>\n\n<p>Title : Foundation season 2\n<br>Work Done : Holographic transformation, fires (LeadFX) <br>&nbsp;\n\n<\/p>\n\n<h3>Mr.X a Technicolor division (MPC)<\/h3>\n\n<p>&nbsp;<\/p>\n<iframe loading=\"lazy\" width=\"640\" height=\"360\" src=\"https:\/\/www.youtube.com\/embed\/wZ7LytagKlc\" title=\"Prey | Official Trailer | Hulu\" frameborder=\"0\" allow=\"accelerometer; autoplay; clipboard-write; encrypted-media; gyroscope; picture-in-picture\" allowfullscreen><\/iframe>\n\n<p>Title : Prey\n<br>Work Done : Cloaking suit glitching FX (2:01), Water splashes interactions Predator\/river  <br>&nbsp;\n\n<\/p>\n\n<iframe loading=\"lazy\" width=\"640\" height=\"360\" src=\"https:\/\/www.youtube.com\/embed\/7dDv2zhkYy0\" title=\"MPC - The Witcher VFX Breakdown\" frameborder=\"0\" allow=\"accelerometer; autoplay; clipboard-write; encrypted-media; gyroscope; picture-in-picture\" allowfullscreen><\/iframe>\n\n<p>Titre : The Witcher Season 2\n<br>Work Done : witch fire disintegration transformation to voleth entities (0:40) <br>&nbsp;<\/p>\n\n\n<iframe loading=\"lazy\" width=\"640\" height=\"360\" src=\"https:\/\/www.youtube.com\/embed\/XBHNALPwxYE\" title=\"Long Distance | Official trailer NL\" frameborder=\"0\" allow=\"accelerometer; autoplay; clipboard-write; encrypted-media; gyroscope; picture-in-picture; web-share\" referrerpolicy=\"strict-origin-when-cross-origin\" allowfullscreen><\/iframe>\n\n<p>Title : Long Distance (Distant)\n<br>Work Done : explosions, lead fx of a group of 20 fx artists <br>&nbsp;\n\n<\/p>\n\n<h3>Hybride a Ubisoft division<\/h3>\n\n<p>&nbsp;<\/p>\n\n<iframe loading=\"lazy\" src=\"https:\/\/www.imdb.com\/videoembed\/vi534953753\" allowfullscreen width=\"640\" height=\"360\"><\/iframe>\n\n<p>Title : Star Wars: The Rise of Skywalker\n<br>Work Done : Water simulation when X-Wing starfighter gets out of the sea, lightsaber fx, snow<br>&nbsp;<\/p>\n\n<iframe loading=\"lazy\" src=\"https:\/\/www.imdb.com\/videoembed\/vi817020697\" allowfullscreen width=\"640\" height=\"360\"><\/iframe>\n\n<p>Title : The Mandalorian\n<br>Work Done : Dust trail speederbike, Grogu force, steam spaceship, lightsaber fx<br>&nbsp;<\/p>\n\n<iframe loading=\"lazy\" src=\"https:\/\/www.imdb.com\/videoembed\/vi3982670873\" allowfullscreen width=\"640\" height=\"360\"><\/iframe>\n\n<p>Titre : Watchmen\n<br>Work Done : rain of squids<br>&nbsp;<\/p>\n\n<p><iframe loading=\"lazy\" src=\"https:\/\/www.youtube.com\/embed\/uIlx5-aGq_A\" width=\"640\" height=\"360\" frameborder=\"0\" allowfullscreen=\"allowfullscreen\"><\/iframe><\/p>\n\n<p>Title : The House with a Clock in Its Walls\n<br>Work Done : Hair simulation on transformation morphing<br>&nbsp;<\/p>\n\n<p><iframe loading=\"lazy\" src=\"https:\/\/www.youtube.com\/embed\/1KsyZF590NM\" width=\"640\" height=\"360\" frameborder=\"0\" allowfullscreen=\"allowfullscreen\"><\/iframe><\/p>\n\n<p>Title : Tom Clancy&#8217;s Jack Ryan Season 1\n<br>Work Done : Explosions (1;30)<br>&nbsp;<\/p>\n\n<p><iframe loading=\"lazy\" src=\"https:\/\/www.youtube.com\/embed\/jPEYpryMp2s\" width=\"640\" height=\"360\" frameborder=\"0\" allowfullscreen=\"allowfullscreen\"><\/iframe><\/p>\n\n<p>Titre : Solo: A Star Wars Story\n<br>Work Done : steam, blasters, sand explosion<\/p><br>&nbsp;<\/p>\n\n<p><iframe loading=\"lazy\" src=\"https:\/\/www.youtube.com\/embed\/Q0CbN8sfihY\" width=\"640\" height=\"360\" frameborder=\"0\" allowfullscreen=\"allowfullscreen\"><\/iframe><\/p>\n\n<p>Titre : Star Wars: The Last Jedi Trailer\n<br>Work Done : Training site: rain, rock falling from lightsaber cut and steam (iron gag)<br>&nbsp;<\/p>\n\n<p><iframe loading=\"lazy\" src=\"https:\/\/www.youtube.com\/embed\/XpICoc65uh0\" width=\"640\" height=\"360\" frameborder=\"0\" allowfullscreen=\"allowfullscreen\"><\/iframe><\/p>\n\n<p>Title : Mother!\n<br>Work Done : Hearts and Fx<br>&nbsp;<\/p>\n\n<p><iframe loading=\"lazy\" src=\"https:\/\/www.youtube.com\/embed\/cPeqNTqZNN0\" width=\"640\" height=\"360\" frameborder=\"0\" allowfullscreen=\"allowfullscreen\"><\/iframe><\/p>\n<p>\nTitre : Valerian and the City of a thousand Planets\n<br>Work Done : Dust sand from bus reactors in desert<br>&nbsp;<\/p>\n\n<p><iframe loading=\"lazy\" src=\"https:\/\/www.youtube.com\/embed\/YAbI4w95cTE\" width=\"640\" height=\"360\" frameborder=\"0\" allowfullscreen=\"allowfullscreen\"><\/iframe><\/p>\n<p><iframe loading=\"lazy\" src=\"https:\/\/player.vimeo.com\/video\/241939254\" width=\"640\" height=\"360\" frameborder=\"0\" allowfullscreen=\"allowfullscreen\"><\/iframe><\/p>\n\n<p>Titre : Kong: Skull Island\n<br>Work Done : Ocean, dirt and leaves simulation of stick tree creature, water simulation wood door opening<br>&nbsp;<\/p>\n\n<p><iframe loading=\"lazy\" src=\"https:\/\/www.youtube.com\/embed\/LVw9YdP1O-0\" width=\"640\" height=\"360\" frameborder=\"0\" allowfullscreen=\"allowfullscreen\"><\/iframe><\/p>\n\n<p>Title : The Great Wall\n<br>Work Done : Smoke and dust<br>&nbsp;<\/p>\n\n<p><iframe loading=\"lazy\" src=\"https:\/\/www.youtube.com\/embed\/frdj1zb9sMY\" width=\"640\" height=\"360\" frameborder=\"0\" allowfullscreen=\"allowfullscreen\"><\/iframe><\/p>\n\n<p>Titre : Rogue One: A Star Wars Story\n<br>Work Done : Glass shatter on the imperial research facility<\/p>\n\n<p>&nbsp;<\/p>\n<p>&nbsp;<\/p>\n\n<h3>MELS Vision Globale<\/h3>\n\n<p>&nbsp;<\/p>\n\n<p><iframe loading=\"lazy\" src=\"https:\/\/www.youtube.com\/embed\/6ygu45dU3U4?feature=player_detailpage\" width=\"640\" height=\"360\" frameborder=\"0\" allowfullscreen=\"allowfullscreen\"><\/iframe><\/p>\n\n<p>Title : Race\n<br>Work Done : Crowd simulation<br>&nbsp;<\/p>\n\n<p><iframe loading=\"lazy\" src=\"https:\/\/www.youtube.com\/embed\/O-MRLGxczj8\" width=\"640\" height=\"360\" frameborder=\"0\" allowfullscreen=\"allowfullscreen\"><\/iframe><\/p>\n\n<p>Title : Fallen\n<br>Work Done : Black entities, shadows<\/p>\n\n<p><iframe loading=\"lazy\" src=\"https:\/\/www.youtube.com\/embed\/7fFSkAErfqU\" width=\"640\" height=\"360\" frameborder=\"0\" allowfullscreen=\"allowfullscreen\"><\/iframe><\/p>\n\n<p>Title : Corbo\n<br>Work Done : Glass shatter explosion simulation<br>&nbsp;<\/p>\n\n<p><iframe loading=\"lazy\" src=\"\/\/www.youtube.com\/embed\/OnRuRFbpnCM\" width=\"640\" height=\"375\" frameborder=\"0\" allowfullscreen=\"allowfullscreen\"><\/iframe><\/p>\n\n<p>Title : Outcast\n<br>Work Done : Rigid body, fire, smoke, dust, blood, cloth<br>&nbsp;<\/p>\n\n<p><iframe loading=\"lazy\" src=\"\/\/www.youtube.com\/embed\/_COCCpWhR3Q\" width=\"640\" height=\"390\" frameborder=\"0\" allowfullscreen=\"allowfullscreen\"><\/iframe><\/p>\n\n<p>Title : Beauty and the Beast\n<br>Work Done : Entities<br>&nbsp;<\/p>\n\n<p><iframe loading=\"lazy\" src=\"\/\/www.youtube.com\/embed\/Zcb02EF-Dd0\" width=\"640\" height=\"375\" frameborder=\"0\" allowfullscreen=\"allowfullscreen\"><\/iframe><\/p>\n\n<p>Title : Iceberg\n<br>Work Done : Rigid body, splash, dust, snow<br>&nbsp;<\/p>\n\n<iframe loading=\"lazy\" width=\"640\" height=\"360\" src=\"https:\/\/www.youtube.com\/embed\/ZENI7UC3WQo\" title=\"The Colony Official International Trailer #1 (2013) - Laurence Fishburne Movie HD\" frameborder=\"0\" allow=\"accelerometer; autoplay; clipboard-write; encrypted-media; gyroscope; picture-in-picture; web-share\" referrerpolicy=\"strict-origin-when-cross-origin\" allowfullscreen><\/iframe>\n\n<p>Title : The Colony\n<br>Work Done : Explosion fume, dust, rigid body, snow<br>&nbsp;<\/p>\n\n<iframe loading=\"lazy\" width=\"640\" height=\"360\" src=\"https:\/\/www.youtube.com\/embed\/Rw7cCB7v5W4\" title=\"YOUNG GALAXY &#39;New Summer&#39; [OFFICIAL VIDEO]\" frameborder=\"0\" allow=\"accelerometer; autoplay; clipboard-write; encrypted-media; gyroscope; picture-in-picture; web-share\" referrerpolicy=\"strict-origin-when-cross-origin\" allowfullscreen><\/iframe>\n\n<p>Title : Young Galaxy, New Summer\n<br>Work Done : (in a team of 3) Fire, smoke, dust<\/p>\n\n<p>&nbsp;<\/p>\n<p>&nbsp;<\/p>\n\n<h3>Digital Dimension<\/h3>\n\n<p>&nbsp;<\/p>\n\n<iframe loading=\"lazy\" width=\"640\" height=\"390\" src=\"https:\/\/www.youtube.com\/embed\/ujrBaHS8UTg\" frameborder=\"0\" allow=\"accelerometer; autoplay; encrypted-media; gyroscope; picture-in-picture\" allowfullscreen><\/iframe>\n\n<p>Title : The Grey\n<br>Work Done : Falling snow, storm snow, wolf fur simulation<br>&nbsp;<\/p>\n\n<div style=\"padding:56.25% 0 0 0;position:relative;\"><iframe src=\"https:\/\/player.vimeo.com\/video\/32274465?badge=0&amp;autopause=0&amp;player_id=0&amp;app_id=58479\" frameborder=\"0\" allow=\"autoplay; fullscreen; picture-in-picture; clipboard-write; encrypted-media\" style=\"position:absolute;top:0;left:0;width:100%;height:100%;\" title=\"*Spoilers* LOTR - War in the North - ending cinematic\"><\/iframe><\/div><script src=\"https:\/\/player.vimeo.com\/api\/player.js\"><\/script>\n\n<p>Title : Lord of the Rings, Spoilers &#8211; Ending cinematic\n<br>Work Done : Smoke in right hand simulation, in a team desintegration: I did the ashes of particle, cloth . Some lightning effects.\n\n<br>&nbsp;<\/p>\n\n<div style=\"padding:56.25% 0 0 0;position:relative;\"><iframe src=\"https:\/\/player.vimeo.com\/video\/26695572?badge=0&amp;autopause=0&amp;player_id=0&amp;app_id=58479\" frameborder=\"0\" allow=\"autoplay; fullscreen; picture-in-picture; clipboard-write; encrypted-media\" style=\"position:absolute;top:0;left:0;width:100%;height:100%;\" title=\"War in the North: Fellowship Trailer\"><\/iframe><\/div><script src=\"https:\/\/player.vimeo.com\/api\/player.js\"><\/script>\n\n<p>Title : Lord of the Rings, WITN The Fellowship\n<br>Work Done : hair simulation, in a team : snow , Blood.<br>&nbsp;<\/p>\n\n<div style=\"padding:56.25% 0 0 0;position:relative;\"><iframe src=\"https:\/\/player.vimeo.com\/video\/17831085?badge=0&amp;autopause=0&amp;player_id=0&amp;app_id=58479\" frameborder=\"0\" allow=\"autoplay; fullscreen; picture-in-picture; clipboard-write; encrypted-media\" style=\"position:absolute;top:0;left:0;width:100%;height:100%;\" title=\"Mortal Kombat - Kratos revealed\"><\/iframe><\/div><script src=\"https:\/\/player.vimeo.com\/api\/player.js\"><\/script>\n\n<p>Title : Mortal Kombat Kratos\n<br>Work Done : Ice ball Subzero , in a team : shadow dust , pixi Dust , cold Smoke , fire shadow teleport on ground.<br>&nbsp;<\/p>\n\n<div style=\"padding:56.25% 0 0 0;position:relative;\"><iframe src=\"https:\/\/player.vimeo.com\/video\/14090896?badge=0&amp;autopause=0&amp;player_id=0&amp;app_id=58479\" frameborder=\"0\" allow=\"autoplay; fullscreen; picture-in-picture; clipboard-write; encrypted-media\" style=\"position:absolute;top:0;left:0;width:100%;height:100%;\" title=\"F.E.A.R 3 - Cinematic\"><\/iframe><\/div><script src=\"https:\/\/player.vimeo.com\/api\/player.js\"><\/script>\n\n<p>Title : FEAR 3 Cinematic 2011\n<br>Work Done : Hair simulation, in a team Dust.<br>&nbsp;<\/p>\n\n<div style=\"padding:56.25% 0 0 0;position:relative;\"><iframe src=\"https:\/\/player.vimeo.com\/video\/15410614?badge=0&amp;autopause=0&amp;player_id=0&amp;app_id=58479\" frameborder=\"0\" allow=\"autoplay; fullscreen; picture-in-picture; clipboard-write; encrypted-media\" style=\"position:absolute;top:0;left:0;width:100%;height:100%;\" title=\"Mortal Kombat - Shadow\"><\/iframe><\/div><script src=\"https:\/\/player.vimeo.com\/api\/player.js\"><\/script>\n\n<p>Title : Mortal Kombat Shadows\n<br>Work Done : Hair simulation, in a team : dust, blood.<br>&nbsp;<\/p>\n\n<div style=\"padding:56.25% 0 0 0;position:relative;\"><iframe src=\"https:\/\/player.vimeo.com\/video\/22725241?badge=0&amp;autopause=0&amp;player_id=0&amp;app_id=58479\" frameborder=\"0\" allow=\"autoplay; fullscreen; picture-in-picture; clipboard-write; encrypted-media\" style=\"position:absolute;top:0;left:0;width:100%;height:100%;\" title=\"Mortal Kombat 9 - Warning Guts and Blood Fatalities\"><\/iframe><\/div><script src=\"https:\/\/player.vimeo.com\/api\/player.js\"><\/script>\n\n<p>Title : Mortal Kombat 9\n<br>Work Done : Hair simulation, in a team : Dust, Cloth.<br>&nbsp;<\/p>\n\n<iframe loading=\"lazy\" width=\"640\" height=\"360\" src=\"https:\/\/www.youtube.com\/embed\/xiZU6TQNvv4\" title=\"MKB 9 Teaser\" frameborder=\"0\" allow=\"accelerometer; autoplay; clipboard-write; encrypted-media; gyroscope; picture-in-picture; web-share\" referrerpolicy=\"strict-origin-when-cross-origin\" allowfullscreen><\/iframe>\n\n<p>Title : Mortal Kombat Teaser\n<br>Work Done : Hair simulation, in a team : Dust , Cloth.<br>&nbsp;<\/p>\n\n<div style=\"padding:56.25% 0 0 0;position:relative;\"><iframe src=\"https:\/\/player.vimeo.com\/video\/10420287?badge=0&amp;autopause=0&amp;player_id=0&amp;app_id=58479\" frameborder=\"0\" allow=\"autoplay; fullscreen; picture-in-picture; clipboard-write; encrypted-media\" style=\"position:absolute;top:0;left:0;width:100%;height:100%;\" title=\"Lord of the Ring - War in the North\"><\/iframe><\/div><script src=\"https:\/\/player.vimeo.com\/api\/player.js\"><\/script>\n\n<p>Title:Lord of the Rings : War in the North\n<br>Work done : Hair simulation<\/p>\n\n<p>&nbsp;<\/p>\n<p>&nbsp;<\/p>\n\n<h3>Halogen Filmshop<\/h3>\n\n<p>&nbsp;<\/p>\n\n<iframe loading=\"lazy\" width=\"640\" height=\"360\" src=\"https:\/\/www.youtube.com\/embed\/I85uIT74YXA\" title=\"FirstDraft_01a.flv\" frameborder=\"0\" allow=\"accelerometer; autoplay; clipboard-write; encrypted-media; gyroscope; picture-in-picture; web-share\" referrerpolicy=\"strict-origin-when-cross-origin\" allowfullscreen><\/iframe>\n\n<p>Title : Wall\n<br>Work Done : In a team, simulation, modeling, texture and animation.<br>&nbsp;<\/p>\n\n<p>&nbsp;<\/p>\n\n<h3>Groupe Image Buzz<\/h3>\n\n<p>&nbsp;<\/p>\n\n<iframe loading=\"lazy\" width=\"899\" height=\"599\" src=\"https:\/\/www.youtube.com\/embed\/s7lgEDElih4\" title=\"AVALANCHA\" frameborder=\"0\" allow=\"accelerometer; autoplay; clipboard-write; encrypted-media; gyroscope; picture-in-picture; web-share\" referrerpolicy=\"strict-origin-when-cross-origin\" allowfullscreen><\/iframe>\n\n<p>Title : Avanlancha\n<br>Work Done : In a team, rigid body, avalanche simulation<br>&nbsp;<\/p>\n\n<iframe loading=\"lazy\" width=\"640\" height=\"360\" src=\"https:\/\/www.youtube.com\/embed\/5rlWZvRtPEo\" title=\"Advil\" frameborder=\"0\" allow=\"accelerometer; autoplay; clipboard-write; encrypted-media; gyroscope; picture-in-picture; web-share\" referrerpolicy=\"strict-origin-when-cross-origin\" allowfullscreen><\/iframe>\n\n<p>Title : Advil\n<br>Work Done : Liquid<\/p>\n\n<p>&nbsp;<\/p>\n<p>&nbsp;<\/p>\n\n<h3>Centre NAD<\/h3>\n\n<p>&nbsp;<\/p>\n\n<iframe loading=\"lazy\" width=\"899\" height=\"599\" src=\"https:\/\/www.youtube.com\/embed\/dF6TsbtOHNg\" title=\"rclement demo3\" frameborder=\"0\" allow=\"accelerometer; autoplay; clipboard-write; encrypted-media; gyroscope; picture-in-picture; web-share\" referrerpolicy=\"strict-origin-when-cross-origin\" allowfullscreen><\/iframe>\n\n<p>Title : Demo 3\n<br>Work done at school<\/p>","protected":false},"excerpt":{"rendered":"<p>Here you could find my projects from studios, that I worked for.&nbsp;The videos are classified&nbsp; from the most recent&nbsp; posts to the oldest. &nbsp; &nbsp; Outpost vfx &nbsp; Title : The Lord of the Rings: The Rings of Power Season 2 Work Done : in a team, dust storm, ground interactions &nbsp; &nbsp; Title : &hellip; <\/p>\n<p class=\"link-more\"><a href=\"https:\/\/www.richardclement-tam.com\/fr\/studios\/\" class=\"more-link\">Continuer la lecture<span class=\"screen-reader-text\"> de &laquo; Studios &raquo;<\/span><\/a><\/p>","protected":false},"author":1,"featured_media":0,"parent":0,"menu_order":0,"comment_status":"closed","ping_status":"closed","template":"","meta":{"footnotes":""},"class_list":["post-255","page","type-page","status-publish","hentry"],"_links":{"self":[{"href":"https:\/\/www.richardclement-tam.com\/fr\/wp-json\/wp\/v2\/pages\/255","targetHints":{"allow":["GET"]}}],"collection":[{"href":"https:\/\/www.richardclement-tam.com\/fr\/wp-json\/wp\/v2\/pages"}],"about":[{"href":"https:\/\/www.richardclement-tam.com\/fr\/wp-json\/wp\/v2\/types\/page"}],"author":[{"embeddable":true,"href":"https:\/\/www.richardclement-tam.com\/fr\/wp-json\/wp\/v2\/users\/1"}],"replies":[{"embeddable":true,"href":"https:\/\/www.richardclement-tam.com\/fr\/wp-json\/wp\/v2\/comments?post=255"}],"version-history":[{"count":107,"href":"https:\/\/www.richardclement-tam.com\/fr\/wp-json\/wp\/v2\/pages\/255\/revisions"}],"predecessor-version":[{"id":844,"href":"https:\/\/www.richardclement-tam.com\/fr\/wp-json\/wp\/v2\/pages\/255\/revisions\/844"}],"wp:attachment":[{"href":"https:\/\/www.richardclement-tam.com\/fr\/wp-json\/wp\/v2\/media?parent=255"}],"curies":[{"name":"wp","href":"https:\/\/api.w.org\/{rel}","templated":true}]}}